{"id":45,"date":"2018-09-14T04:22:12","date_gmt":"2018-09-14T04:22:12","guid":{"rendered":"http:\/\/ibscv.com.mx\/?page_id=45"},"modified":"2018-09-14T17:30:42","modified_gmt":"2018-09-14T17:30:42","slug":"about","status":"publish","type":"page","link":"https:\/\/ibscv.com.mx\/index.php\/about\/","title":{"rendered":""},"content":{"rendered":"<p><span style=\"font-size: 1rem;\">Somos una empresa poblana comprometida con la calidad y satisfacci\u00f3n de nuestros clientes.\u00a0Contamos con el equipo necesario para brindarle el servicio de recolecci\u00f3n dentro y fuera de la ciudad y\/o cualquier parte de la <\/span><span style=\"font-size: 16px;\">rep\u00fablica<\/span><span style=\"font-size: 1rem;\">.\u00a0<\/span><\/p>\n<p>MISI\u00d3N<\/p>\n<p>Satisfacer las necesidades de nuestros clientes garantizando servicios de calidad de fabricaci\u00f3n y reparaci\u00f3n de cilindros hidr\u00e1ulicos a sus equipos para mayor productividad<\/p>\n<p>VISI\u00d3N<\/p>\n<p>Ser una empresa de vanguardia l\u00edder, auto suficiente y capaz de lograr una cobertura amplia de servicios en diferentes empresas .<\/p>\n<p>Demostrando excelente calidad y administraci\u00f3n<\/p>\n","protected":false},"excerpt":{"rendered":"<p>Somos una empresa poblana comprometida con la calidad y satisfacci\u00f3n de nuestros clientes.\u00a0Contamos con el equipo necesario para brindarle el servicio de recolecci\u00f3n dentro y fuera de la ciudad y\/o cualquier parte de la rep\u00fablica.\u00a0 MISI\u00d3N Satisfacer las necesidades de nuestros clientes garantizando servicios de calidad de fabricaci\u00f3n y reparaci\u00f3n de cilindros hidr\u00e1ulicos a sus &hellip; <\/p>\n<p class=\"link-more\"><a href=\"https:\/\/ibscv.com.mx\/index.php\/about\/\" class=\"more-link\">Continue reading<span class=\"screen-reader-text\"> &#8220;&#8221;<\/span><\/a><\/p>\n","protected":false},"author":1,"featured_media":98,"parent":0,"menu_order":0,"comment_status":"closed","ping_status":"closed","template":"","meta":[],"_links":{"self":[{"href":"https:\/\/ibscv.com.mx\/index.php\/wp-json\/wp\/v2\/pages\/45"}],"collection":[{"href":"https:\/\/ibscv.com.mx\/index.php\/wp-json\/wp\/v2\/pages"}],"about":[{"href":"https:\/\/ibscv.com.mx\/index.php\/wp-json\/wp\/v2\/types\/page"}],"author":[{"embeddable":true,"href":"https:\/\/ibscv.com.mx\/index.php\/wp-json\/wp\/v2\/users\/1"}],"replies":[{"embeddable":true,"href":"https:\/\/ibscv.com.mx\/index.php\/wp-json\/wp\/v2\/comments?post=45"}],"version-history":[{"count":11,"href":"https:\/\/ibscv.com.mx\/index.php\/wp-json\/wp\/v2\/pages\/45\/revisions"}],"predecessor-version":[{"id":134,"href":"https:\/\/ibscv.com.mx\/index.php\/wp-json\/wp\/v2\/pages\/45\/revisions\/134"}],"wp:featuredmedia":[{"embeddable":true,"href":"https:\/\/ibscv.com.mx\/index.php\/wp-json\/wp\/v2\/media\/98"}],"wp:attachment":[{"href":"https:\/\/ibscv.com.mx\/index.php\/wp-json\/wp\/v2\/media?parent=45"}],"curies":[{"name":"wp","href":"https:\/\/api.w.org\/{rel}","templated":true}]}}